{"id":287,"date":"2017-07-11T12:30:16","date_gmt":"2017-07-11T10:30:16","guid":{"rendered":"https:\/\/www.jps-concept.com\/?page_id=287"},"modified":"2017-09-21T10:58:35","modified_gmt":"2017-09-21T08:58:35","slug":"what-the-professionals-say","status":"publish","type":"page","link":"https:\/\/www.jps-concept.com\/UK\/what-the-professionals-say\/","title":{"rendered":"What the professionals say"},"content":{"rendered":"<h2>Read what our clients have to say about JPS Concept solutions to appreciate how their efficiency can benefit your projects.<\/h2>\n<h3>\u00a0Fran\u00e7ois Pernelle \u2013 Naval Architect for the StMichel Virbac team<\/h3>\n<p><a href=\"http:\/\/www.jpdick.com\" target=\"_blank\" rel=\"noopener\"><img loading=\"lazy\" decoding=\"async\" class=\"alignleft wp-image-143 size-full\" src=\"https:\/\/www.jps-concept.com\/UK\/wp-content\/uploads\/2017\/06\/logo-saint-michel-virbac.jpg\" alt=\"\" width=\"232\" height=\"101\" \/><\/a>Every aspect of embedded power management used by the St Michel Virbac racing team has been designed to our specification by JPS Concept based on the huge experience the company has in racing yachts. The system can be summed up in a very few words: efficient, reliable, well-thought-out and extremely high quality. It provides the essential and dependable basis for correct operation of all onboard electrical and electronic systems. JPS Concept is also an easily accessible and responsive source of informed advice.\u00a0<strong><a href=\"http:\/\/www.jpdick.com\" target=\"_blank\" rel=\"noopener\">www.jpdick.com<\/a><\/strong><\/p>\n<hr \/>\n<h3>\u00a0Christophe Amiaud and Franck Ganacheau \u2013 PiAIR2<\/h3>\n<p><a href=\"http:\/\/www.piair2.fr\" target=\"_blank\" rel=\"noopener\"><img loading=\"lazy\" decoding=\"async\" class=\"alignleft wp-image-344 size-full\" src=\"https:\/\/www.jps-concept.com\/UK\/wp-content\/uploads\/2017\/07\/PiAIR2-logo.jpg\" alt=\"\" width=\"232\" height=\"101\" \/><\/a>PiAIR2 is a regionally-based manufacturer, and as part of upgrading our products and reducing the tasks involved in cabling the various components that go to make up our dual flow air handling units, we briefed JPS Concept on what we wanted to achieve and our requirements.\u00a0Based on our respective areas of expertise, our collaboration has made it possible to develop and produce an electronic connection and control board that interfaces with our embedded automated controller. <strong><a href=\"http:\/\/www.piair2.fr\" target=\"_blank\" rel=\"noopener\">www.piair2.fr<\/a><\/strong><\/p>\n<hr \/>\n<h3>\u00a0Francis M\u00e9rieau \u2013\u00a0HYDROEM<\/h3>\n<p><a href=\"http:\/\/hydroem.fr\/\" target=\"_blank\" rel=\"noopener\"><img loading=\"lazy\" decoding=\"async\" class=\"alignleft wp-image-342 size-full\" src=\"https:\/\/www.jps-concept.com\/UK\/wp-content\/uploads\/2017\/07\/logo-hydroem.jpg\" alt=\"\" width=\"232\" height=\"101\" \/><\/a>JPS CONCEPT shows outstanding commitment to finding the right solution to the problems it is presented with. Excellent customer relations, top-quality technical expertise and effective quality control are matched by the invaluable ability to suggest improvements to the product. In terms of price, they are very competitive in the market, and put the emphasis very much on quality. We are very happy about our partnership with JPS.\u00a0<strong><a href=\"http:\/\/hydroem.fr\/\" target=\"_blank\" rel=\"noopener\">www.hydroem.fr<\/a><\/strong><\/p>\n<hr \/>\n<h3>\u00a0Eric Lamy \u2013 Boat Captain for Initiative Coeur<\/h3>\n<p><img loading=\"lazy\" decoding=\"async\" class=\"alignleft wp-image-140 size-full\" src=\"https:\/\/www.jps-concept.com\/UK\/wp-content\/uploads\/2017\/06\/logo-initiatives-coeur.jpg\" alt=\"\" width=\"232\" height=\"101\" \/>As technical director, I\u2019ve been working with JPS Concept since 2008 on the installation of power systems for ocean racing yachts &#8211; both multihulls and monohulls.<\/p>\n<p>The 2008 installation of Li-Ion batteries on the trimaran Groupama 3 (which set many new records, including the Troph\u00e9e Jules Verne, M\u00e9diterran\u00e9e, Atlantique and Route du Rhum) solved a complex onboard power problem. We are always looking to identify the most reliable, efficient and lightweight products possible, and these batteries delivered on all those points. The capacity of the batteries themselves and the electronic power management system gave us a significant weight saving, at the same time as much higher reliability than standard gel\/lead acid batteries.<\/p>\n<p>Since then, we have used the same system &#8211; upgraded and made even more reliable by JPS Concept &#8211; on the Initiatives Coeur IMOCA 60 Class monohull, with the addition of a Supercapacitor system that allows us to cant the 3,500 kg keel hydraulically from one tack to the other with direct reference to boat speed.<\/p>\n<p><a href=\"https:\/\/www.jps-concept.com\/UK\/wp-content\/uploads\/2017\/07\/temoignage-initiative-coeur.pdf\" target=\"_blank\" rel=\"noopener\">Read the full article in PDF form (French)<\/a><\/p>\n<hr \/>\n<h3>Arnaud BOISSI\u00c8RES &#8211; La Mie C\u00e2line<\/h3>\n<p><img loading=\"lazy\" decoding=\"async\" class=\"alignleft wp-image-141 size-full\" src=\"https:\/\/www.jps-concept.com\/UK\/wp-content\/uploads\/2017\/06\/logo-la-mie-caline.jpg\" alt=\"\" width=\"232\" height=\"101\" \/><\/p>\n<p class=\"p1\">I am very happy to have the opportunity to work with Jean-Paul Siaudeau, the Head of JPS Concept. He has been involved since 2009 on all the IMOCA 60 Class yachts I have owned and sailed around the world. So I have placed my full trust in the expertise of JPS Concept for a long time now, and I\u2019ve never been disappointed by the work they\u2019ve done for me.<\/p>\n<p class=\"p1\">Over these years of close collaboration, Jean-Paul Siaudeau, who heads up JPS Concept, has always provided me with completely reliable power systems regardless of conditions, and the proof of that reliability lies in the fact that I have circumnavigated the world three times with these systems, and they have always been in excellent working condition at the finish.<\/p>\n<p><a href=\"https:\/\/www.jps-concept.com\/UK\/wp-content\/uploads\/2017\/07\/temoignage-Arnaud-Boissieres.pdf\" target=\"_blank\" rel=\"noopener\">Read the full article in PDF form (French)<\/a><\/p>\n","protected":false},"excerpt":{"rendered":"<p>Read what our clients have to say about JPS Concept solutions to appreciate how their efficiency can benefit your projects. \u00a0Fran\u00e7ois Pernelle \u2013 Naval Architect for the StMichel Virbac team Every aspect of embedded power management used by the St Michel Virbac racing team has been designed to our specification&#8230;<\/p>\n","protected":false},"author":1,"featured_media":0,"parent":0,"menu_order":0,"comment_status":"closed","ping_status":"closed","template":"template-fullwidth.php","meta":{"footnotes":""},"class_list":["post-287","page","type-page","status-publish","hentry"],"yoast_head":"<!-- This site is optimized with the Yoast SEO plugin v26.8 - https:\/\/yoast.com\/product\/yoast-seo-wordpress\/ -->\n<title>What the professionals say - JPS CONCEPT<\/title>\n<meta name=\"robots\" content=\"index, follow, max-snippet:-1, max-image-preview:large, max-video-preview:-1\" \/>\n<link rel=\"canonical\" href=\"https:\/\/www.jps-concept.com\/UK\/what-the-professionals-say\/\" \/>\n<meta property=\"og:locale\" content=\"fr_FR\" \/>\n<meta property=\"og:type\" content=\"article\" \/>\n<meta property=\"og:title\" content=\"What the professionals say - JPS CONCEPT\" \/>\n<meta property=\"og:description\" content=\"Read what our clients have to say about JPS Concept solutions to appreciate how their efficiency can benefit your projects. \u00a0Fran\u00e7ois Pernelle \u2013 Naval Architect for the StMichel Virbac team Every aspect of embedded power management used by the St Michel Virbac racing team has been designed to our specification...\" \/>\n<meta property=\"og:url\" content=\"https:\/\/www.jps-concept.com\/UK\/what-the-professionals-say\/\" \/>\n<meta property=\"og:site_name\" content=\"JPS CONCEPT\" \/>\n<meta property=\"article:modified_time\" content=\"2017-09-21T08:58:35+00:00\" \/>\n<meta property=\"og:image\" content=\"https:\/\/www.jps-concept.com\/UK\/wp-content\/uploads\/2017\/06\/logo-saint-michel-virbac.jpg\" \/>\n<meta name=\"twitter:card\" content=\"summary_large_image\" \/>\n<meta name=\"twitter:label1\" content=\"Dur\u00e9e de lecture estim\u00e9e\" \/>\n\t<meta name=\"twitter:data1\" content=\"3 minutes\" \/>\n<script type=\"application\/ld+json\" class=\"yoast-schema-graph\">{\"@context\":\"https:\/\/schema.org\",\"@graph\":[{\"@type\":\"WebPage\",\"@id\":\"https:\/\/www.jps-concept.com\/UK\/what-the-professionals-say\/\",\"url\":\"https:\/\/www.jps-concept.com\/UK\/what-the-professionals-say\/\",\"name\":\"What the professionals say - JPS CONCEPT\",\"isPartOf\":{\"@id\":\"https:\/\/www.jps-concept.com\/UK\/#website\"},\"primaryImageOfPage\":{\"@id\":\"https:\/\/www.jps-concept.com\/UK\/what-the-professionals-say\/#primaryimage\"},\"image\":{\"@id\":\"https:\/\/www.jps-concept.com\/UK\/what-the-professionals-say\/#primaryimage\"},\"thumbnailUrl\":\"https:\/\/www.jps-concept.com\/UK\/wp-content\/uploads\/2017\/06\/logo-saint-michel-virbac.jpg\",\"datePublished\":\"2017-07-11T10:30:16+00:00\",\"dateModified\":\"2017-09-21T08:58:35+00:00\",\"breadcrumb\":{\"@id\":\"https:\/\/www.jps-concept.com\/UK\/what-the-professionals-say\/#breadcrumb\"},\"inLanguage\":\"fr-FR\",\"potentialAction\":[{\"@type\":\"ReadAction\",\"target\":[\"https:\/\/www.jps-concept.com\/UK\/what-the-professionals-say\/\"]}]},{\"@type\":\"ImageObject\",\"inLanguage\":\"fr-FR\",\"@id\":\"https:\/\/www.jps-concept.com\/UK\/what-the-professionals-say\/#primaryimage\",\"url\":\"https:\/\/www.jps-concept.com\/UK\/wp-content\/uploads\/2017\/06\/logo-saint-michel-virbac.jpg\",\"contentUrl\":\"https:\/\/www.jps-concept.com\/UK\/wp-content\/uploads\/2017\/06\/logo-saint-michel-virbac.jpg\",\"width\":232,\"height\":101},{\"@type\":\"BreadcrumbList\",\"@id\":\"https:\/\/www.jps-concept.com\/UK\/what-the-professionals-say\/#breadcrumb\",\"itemListElement\":[{\"@type\":\"ListItem\",\"position\":1,\"name\":\"Accueil\",\"item\":\"https:\/\/www.jps-concept.com\/UK\/\"},{\"@type\":\"ListItem\",\"position\":2,\"name\":\"What the professionals say\"}]},{\"@type\":\"WebSite\",\"@id\":\"https:\/\/www.jps-concept.com\/UK\/#website\",\"url\":\"https:\/\/www.jps-concept.com\/UK\/\",\"name\":\"JPS CONCEPT\",\"description\":\"JPS Concept standalone embedded electronic solutions and products.\",\"potentialAction\":[{\"@type\":\"SearchAction\",\"target\":{\"@type\":\"EntryPoint\",\"urlTemplate\":\"https:\/\/www.jps-concept.com\/UK\/?s={search_term_string}\"},\"query-input\":{\"@type\":\"PropertyValueSpecification\",\"valueRequired\":true,\"valueName\":\"search_term_string\"}}],\"inLanguage\":\"fr-FR\"}]}<\/script>\n<!-- \/ Yoast SEO plugin. -->","yoast_head_json":{"title":"What the professionals say - JPS CONCEPT","robots":{"index":"index","follow":"follow","max-snippet":"max-snippet:-1","max-image-preview":"max-image-preview:large","max-video-preview":"max-video-preview:-1"},"canonical":"https:\/\/www.jps-concept.com\/UK\/what-the-professionals-say\/","og_locale":"fr_FR","og_type":"article","og_title":"What the professionals say - JPS CONCEPT","og_description":"Read what our clients have to say about JPS Concept solutions to appreciate how their efficiency can benefit your projects. \u00a0Fran\u00e7ois Pernelle \u2013 Naval Architect for the StMichel Virbac team Every aspect of embedded power management used by the St Michel Virbac racing team has been designed to our specification...","og_url":"https:\/\/www.jps-concept.com\/UK\/what-the-professionals-say\/","og_site_name":"JPS CONCEPT","article_modified_time":"2017-09-21T08:58:35+00:00","og_image":[{"url":"https:\/\/www.jps-concept.com\/UK\/wp-content\/uploads\/2017\/06\/logo-saint-michel-virbac.jpg","type":"","width":"","height":""}],"twitter_card":"summary_large_image","twitter_misc":{"Dur\u00e9e de lecture estim\u00e9e":"3 minutes"},"schema":{"@context":"https:\/\/schema.org","@graph":[{"@type":"WebPage","@id":"https:\/\/www.jps-concept.com\/UK\/what-the-professionals-say\/","url":"https:\/\/www.jps-concept.com\/UK\/what-the-professionals-say\/","name":"What the professionals say - JPS CONCEPT","isPartOf":{"@id":"https:\/\/www.jps-concept.com\/UK\/#website"},"primaryImageOfPage":{"@id":"https:\/\/www.jps-concept.com\/UK\/what-the-professionals-say\/#primaryimage"},"image":{"@id":"https:\/\/www.jps-concept.com\/UK\/what-the-professionals-say\/#primaryimage"},"thumbnailUrl":"https:\/\/www.jps-concept.com\/UK\/wp-content\/uploads\/2017\/06\/logo-saint-michel-virbac.jpg","datePublished":"2017-07-11T10:30:16+00:00","dateModified":"2017-09-21T08:58:35+00:00","breadcrumb":{"@id":"https:\/\/www.jps-concept.com\/UK\/what-the-professionals-say\/#breadcrumb"},"inLanguage":"fr-FR","potentialAction":[{"@type":"ReadAction","target":["https:\/\/www.jps-concept.com\/UK\/what-the-professionals-say\/"]}]},{"@type":"ImageObject","inLanguage":"fr-FR","@id":"https:\/\/www.jps-concept.com\/UK\/what-the-professionals-say\/#primaryimage","url":"https:\/\/www.jps-concept.com\/UK\/wp-content\/uploads\/2017\/06\/logo-saint-michel-virbac.jpg","contentUrl":"https:\/\/www.jps-concept.com\/UK\/wp-content\/uploads\/2017\/06\/logo-saint-michel-virbac.jpg","width":232,"height":101},{"@type":"BreadcrumbList","@id":"https:\/\/www.jps-concept.com\/UK\/what-the-professionals-say\/#breadcrumb","itemListElement":[{"@type":"ListItem","position":1,"name":"Accueil","item":"https:\/\/www.jps-concept.com\/UK\/"},{"@type":"ListItem","position":2,"name":"What the professionals say"}]},{"@type":"WebSite","@id":"https:\/\/www.jps-concept.com\/UK\/#website","url":"https:\/\/www.jps-concept.com\/UK\/","name":"JPS CONCEPT","description":"JPS Concept standalone embedded electronic solutions and products.","potentialAction":[{"@type":"SearchAction","target":{"@type":"EntryPoint","urlTemplate":"https:\/\/www.jps-concept.com\/UK\/?s={search_term_string}"},"query-input":{"@type":"PropertyValueSpecification","valueRequired":true,"valueName":"search_term_string"}}],"inLanguage":"fr-FR"}]}},"_links":{"self":[{"href":"https:\/\/www.jps-concept.com\/UK\/wp-json\/wp\/v2\/pages\/287","targetHints":{"allow":["GET"]}}],"collection":[{"href":"https:\/\/www.jps-concept.com\/UK\/wp-json\/wp\/v2\/pages"}],"about":[{"href":"https:\/\/www.jps-concept.com\/UK\/wp-json\/wp\/v2\/types\/page"}],"author":[{"embeddable":true,"href":"https:\/\/www.jps-concept.com\/UK\/wp-json\/wp\/v2\/users\/1"}],"replies":[{"embeddable":true,"href":"https:\/\/www.jps-concept.com\/UK\/wp-json\/wp\/v2\/comments?post=287"}],"version-history":[{"count":4,"href":"https:\/\/www.jps-concept.com\/UK\/wp-json\/wp\/v2\/pages\/287\/revisions"}],"predecessor-version":[{"id":667,"href":"https:\/\/www.jps-concept.com\/UK\/wp-json\/wp\/v2\/pages\/287\/revisions\/667"}],"wp:attachment":[{"href":"https:\/\/www.jps-concept.com\/UK\/wp-json\/wp\/v2\/media?parent=287"}],"curies":[{"name":"wp","href":"https:\/\/api.w.org\/{rel}","templated":true}]}}